{"id":22,"date":"2019-05-24T16:45:10","date_gmt":"2019-05-24T14:45:10","guid":{"rendered":"https:\/\/fourpasbanal.fr\/site\/?page_id=22"},"modified":"2024-10-16T11:49:47","modified_gmt":"2024-10-16T09:49:47","slug":"le-projet","status":"publish","type":"page","link":"https:\/\/fourpasbanal.fr\/?page_id=22","title":{"rendered":"Le Projet"},"content":{"rendered":"\n<div class=\"wp-block-image\"><figure class=\"aligncenter is-resized\"><img loading=\"lazy\" src=\"https:\/\/fourpasbanal.fr\/wp-content\/uploads\/2019\/05\/pains-1024x558.jpg\" alt=\"\" class=\"wp-image-299\" width=\"512\" height=\"NaN\" srcset=\"https:\/\/fourpasbanal.fr\/wp-content\/uploads\/2019\/05\/pains-1024x558.jpg 1024w, https:\/\/fourpasbanal.fr\/wp-content\/uploads\/2019\/05\/pains-300x163.jpg 300w, https:\/\/fourpasbanal.fr\/wp-content\/uploads\/2019\/05\/pains-768x419.jpg 768w, https:\/\/fourpasbanal.fr\/wp-content\/uploads\/2019\/05\/pains.jpg 1046w\" sizes=\"(max-width: 1024px) 100vw, 1024px\" \/><figcaption>L&rsquo;objectif premier : faire du bon pain ensemble<\/figcaption><\/figure><\/div>\n\n\n\n<div align=\"center\"><h4>Le pain est \u00e0 la base de la vie sociale d\u2019un village<br><\/h4><\/div>\n\n\n\n<div class=\"wp-block-image\"><figure class=\"aligncenter is-resized\"><img loading=\"lazy\" src=\"https:\/\/fourpasbanal.fr\/wp-content\/uploads\/2019\/10\/dessin-groupe-autour-du-feu-2-A-copie-1024x801.png\" alt=\"\" class=\"wp-image-500\" width=\"401\" height=\"313\" srcset=\"https:\/\/fourpasbanal.fr\/wp-content\/uploads\/2019\/10\/dessin-groupe-autour-du-feu-2-A-copie-1024x801.png 1024w, https:\/\/fourpasbanal.fr\/wp-content\/uploads\/2019\/10\/dessin-groupe-autour-du-feu-2-A-copie-300x235.png 300w, https:\/\/fourpasbanal.fr\/wp-content\/uploads\/2019\/10\/dessin-groupe-autour-du-feu-2-A-copie-768x601.png 768w, https:\/\/fourpasbanal.fr\/wp-content\/uploads\/2019\/10\/dessin-groupe-autour-du-feu-2-A-copie-1140x892.png 1140w, https:\/\/fourpasbanal.fr\/wp-content\/uploads\/2019\/10\/dessin-groupe-autour-du-feu-2-A-copie.png 1200w\" sizes=\"(max-width: 401px) 100vw, 401px\" \/><\/figure><\/div>\n\n\n\n<p>Notre id\u00e9e est de cr\u00e9er ensemble un four collectif au c\u0153ur de Rouairoux dans la Vall\u00e9e du Thor\u00e9, lieu de rassemblement pour les habitants et tous ceux qui souhaitent se joindre au projet, en somme devenir \u00ab&nbsp;<a rel=\"noreferrer noopener\" aria-label=\"co-pains (s\u2019ouvre dans un nouvel onglet)\" href=\"https:\/\/www.copiedouble.com\/content\/do%C3%B9-vient-le-mot-copain\" target=\"_blank\">co-pains<\/a>&nbsp;\u00bb, cuire ensemble pains et pizzas, tartes et plats mijot\u00e9s ! Le but cach\u00e9 \u00e9tant bien s\u00fbr la rencontre, le partage, la bienveillance<\/p>\n\n\n\n<p>Pour cela l\u2019association r\u00e9gie par la loi de  1901 <strong>\u00ab&nbsp;le four pas banal&nbsp;\u00bb<\/strong> se porte acqu\u00e9reur d\u2019une jolie petite b\u00e2tisse de pierres \u00e0 restaurer.<br>C\u2019est l\u00e0 que <a href=\".\/?page_id=27\">nous faisons appel \u00e0 votre g\u00e9n\u00e9rosit\u00e9<\/a> pour nous aider \u00e0 financer cet achat ainsi que les mat\u00e9riaux n\u00e9cessaires aux travaux.<br>Tout les savoir-faire seront \u00e9galement les bienvenus pour mener \u00e0 bien ce projet&nbsp;!<\/p>\n\n\n\n<figure class=\"wp-block-gallery aligncenter has-nested-images columns-2 is-cropped\">\n<figure class=\"wp-block-image\"><a href=\"https:\/\/fourpasbanal.fr\/wp-content\/uploads\/2019\/05\/26.05.19-79-Medium.jpg\"><img loading=\"lazy\" width=\"1024\" height=\"683\" data-id=\"343\"  src=\"https:\/\/fourpasbanal.fr\/wp-content\/uploads\/2019\/05\/26.05.19-79-Medium-1024x683.jpg\" alt=\"\" class=\"wp-image-343\" srcset=\"https:\/\/fourpasbanal.fr\/wp-content\/uploads\/2019\/05\/26.05.19-79-Medium-1024x683.jpg 1024w, https:\/\/fourpasbanal.fr\/wp-content\/uploads\/2019\/05\/26.05.19-79-Medium-300x200.jpg 300w, https:\/\/fourpasbanal.fr\/wp-content\/uploads\/2019\/05\/26.05.19-79-Medium-768x512.jpg 768w, https:\/\/fourpasbanal.fr\/wp-content\/uploads\/2019\/05\/26.05.19-79-Medium-1140x761.jpg 1140w, https:\/\/fourpasbanal.fr\/wp-content\/uploads\/2019\/05\/26.05.19-79-Medium.jpg 1151w\" sizes=\"(max-width: 1024px) 100vw, 1024px\" \/><\/a><\/figure>\n\n\n\n<figure class=\"wp-block-image\"><a href=\"https:\/\/fourpasbanal.fr\/wp-content\/uploads\/2019\/05\/26.05.19-95-Medium.jpg\"><img loading=\"lazy\" width=\"1024\" height=\"683\" data-id=\"342\"  src=\"https:\/\/fourpasbanal.fr\/wp-content\/uploads\/2019\/05\/26.05.19-95-Medium-1024x683.jpg\" alt=\"\" class=\"wp-image-342\" srcset=\"https:\/\/fourpasbanal.fr\/wp-content\/uploads\/2019\/05\/26.05.19-95-Medium-1024x683.jpg 1024w, https:\/\/fourpasbanal.fr\/wp-content\/uploads\/2019\/05\/26.05.19-95-Medium-300x200.jpg 300w, https:\/\/fourpasbanal.fr\/wp-content\/uploads\/2019\/05\/26.05.19-95-Medium-768x512.jpg 768w, https:\/\/fourpasbanal.fr\/wp-content\/uploads\/2019\/05\/26.05.19-95-Medium-1140x761.jpg 1140w, https:\/\/fourpasbanal.fr\/wp-content\/uploads\/2019\/05\/26.05.19-95-Medium.jpg 1151w\" sizes=\"(max-width: 1024px) 100vw, 1024px\" \/><\/a><\/figure>\n<\/figure>\n\n\n\n<div class=\"wp-block-image\"><figure class=\"aligncenter is-resized\"><img loading=\"lazy\" src=\"https:\/\/fourpasbanal.fr\/wp-content\/uploads\/2019\/10\/dessin-financement-participatif-1024x567.png\" alt=\"\" class=\"wp-image-534\" width=\"457\" height=\"253\" srcset=\"https:\/\/fourpasbanal.fr\/wp-content\/uploads\/2019\/10\/dessin-financement-participatif-1024x567.png 1024w, https:\/\/fourpasbanal.fr\/wp-content\/uploads\/2019\/10\/dessin-financement-participatif-300x166.png 300w, https:\/\/fourpasbanal.fr\/wp-content\/uploads\/2019\/10\/dessin-financement-participatif-768x426.png 768w, https:\/\/fourpasbanal.fr\/wp-content\/uploads\/2019\/10\/dessin-financement-participatif-1140x632.png 1140w, https:\/\/fourpasbanal.fr\/wp-content\/uploads\/2019\/10\/dessin-financement-participatif.png 1200w\" sizes=\"(max-width: 457px) 100vw, 457px\" \/><\/figure><\/div>\n\n\n\n<p>A quoi servira l&rsquo;argent collect\u00e9 ?<\/p>\n\n\n\n<blockquote class=\"wp-block-quote\"><p><strong>L&rsquo;achat du foncier (ruine 28m\u00b2 + parcelle 238m\u00b2 + frais) : 4800 euros<\/strong><\/p><p><strong>Le projet \u00e9volue, et nous projetons l&rsquo;achat d&rsquo;une seconde parcelle de 439m2 pour 10000 euros de plus<\/strong> qui nous servira \u00e0 l&rsquo;organisation d&rsquo;\u00e9v\u00e8nements conviviaux en ext\u00e9rieur. Nous y planterons des arbres fruitiers et des plantes aromatiques<\/p><p>Le raccordement au r\u00e9seau d&rsquo;eau<\/p><p>Les mat\u00e9riaux pour la construction du four<\/p><p>La restauration de la ruine et les \u00e9quipements<\/p><p>L\u2019am\u00e9nagement du lieu, int\u00e9rieur et ext\u00e9rieur<\/p><p>La plantation d&rsquo;arbres fruitiers et l&rsquo;entretient <\/p><p>Un peu de communication au niveau local<\/p><\/blockquote>\n\n\n\n<div align=\"center\"><h4><br><a href=\".\/?page_id=27\">Ensemble<\/a> construisons le Four PAS Banal de Rouairoux<br><\/h4><\/div>\n\n\n\n<p>Une fois le foncier achet\u00e9 par l&rsquo;association, un grand&nbsp;<a href=\".\/?page_id=112\">chantier participatif<\/a> d\u00e9butera pour la  construction du four et l&rsquo;am\u00e9nagement de  l&rsquo;espace ext\u00e9rieur.  L&rsquo;occasion de cr\u00e9er du lien et d&rsquo;\u00e9changer techniques et savoir-faire entre les participants !<\/p>\n\n\n\n<p>Une fois termin\u00e9, ce lieu  d&rsquo;\u00e9changes et de partage sera ouvert \u00e0 tout  le monde et g\u00e9r\u00e9  collectivement par l&rsquo;association \u00ab\u00a0le Four Pas Banal\u00a0\u00bb qui y organisera r\u00e9guli\u00e8rement des <a href=\".\/?post_type=tribe_events&amp;tribe_event_display=month\">\u00e9v\u00e8nements<\/a>  (cuissons, soir\u00e9es  pizzas, f\u00eate du pain, bal, cin\u00e9 en plein air, etc&#8230;) <\/p>\n\n\n\n<p>Les rencontres chaleureuses autour de notre futur four&nbsp;<a rel=\"noreferrer noopener\" aria-label=\" (s\u2019ouvre dans un nouvel onglet)\" href=\"https:\/\/fr.wikipedia.org\/wiki\/Banalit%C3%A9_(droit_seigneurial)\" target=\"_blank\">PAS banal<\/a>&nbsp;nous  permettrons de red\u00e9couvrir ensemble un savoir aussi basique que celui  de p\u00e9trir sa p\u00e2te, puis cuire son pain, tout en redonnant un peu vie \u00e0 notre petit village d\u00e9pourvu de commerce.<\/p>\n\n\n\n<p class=\"has-text-align-center\"><strong>Soutenez-nous en faisant un <\/strong><a href=\".\/?page_id=27\"><strong>don<\/strong><\/a><strong> (en partie d\u00e9ductible des imp\u00f4ts)<\/strong><br><strong>ou en <\/strong><a href=\".\/?page_id=225\"><strong>adh\u00e9rant<\/strong><\/a><strong> \u00e0 l&rsquo;association en qualit\u00e9 de membre.<\/strong><\/p>\n\n\n\n<div class=\"wp-block-image\"><figure class=\"aligncenter is-resized\"><img loading=\"lazy\" src=\"https:\/\/fourpasbanal.fr\/wp-content\/uploads\/2019\/10\/dessin-repas-1024x483.png\" alt=\"\" class=\"wp-image-541\" width=\"591\" height=\"278\" srcset=\"https:\/\/fourpasbanal.fr\/wp-content\/uploads\/2019\/10\/dessin-repas-1024x483.png 1024w, https:\/\/fourpasbanal.fr\/wp-content\/uploads\/2019\/10\/dessin-repas-300x142.png 300w, https:\/\/fourpasbanal.fr\/wp-content\/uploads\/2019\/10\/dessin-repas-768x362.png 768w, https:\/\/fourpasbanal.fr\/wp-content\/uploads\/2019\/10\/dessin-repas-1140x538.png 1140w, https:\/\/fourpasbanal.fr\/wp-content\/uploads\/2019\/10\/dessin-repas.png 1200w\" sizes=\"(max-width: 591px) 100vw, 591px\" \/><\/figure><\/div>\n\n\n\n<div align=\"center\"><h4><br>Restons en contact<br><\/h4><\/div>\n\n\n\n<div align=\"center\"><p>Rencontrez <a href=\".\/?page_id=24\"><strong>l&rsquo;\u00e9quipe \u00e0 l&rsquo;origine du projet<\/strong><\/a> et suivez l&rsquo;aventure au fil des <a href=\".\/?cat=3\">articles de blog<\/a>.<br>Inscrivez-vous \u00e0 notre <a href=\"https:\/\/fourpasbanal.fr\/wp-admin\/?page_id=319\">newsletter<\/a> pour recevoir des informations r\u00e9guli\u00e8res. <br>Rejoignez-nous sur <a rel=\"noreferrer noopener\" aria-label=\"Framavox (s\u2019ouvre dans un nouvel onglet)\" href=\"https:\/\/framavox.org\/g\/xYmvMhI4\/le-four-pas-banal\" target=\"_blank\">Framavox<\/a> si vous souhaitez aider \u00e0 la concr\u00e9tisation du projet !<\/p><\/div>\n<br><br>\n\n\n\n<p>C&rsquo;est avec une grande joie que nous avons \u00e9t\u00e9 s\u00e9lectionn\u00e9s par la R\u00e9gion Occitanie dans le cadre des Budgets Participatifs, en effet notre r\u00e9gion va nous aider \u00e0 financer le chantier du four !<\/p>\n\n\n\n<div class=\"wp-block-image\"><figure class=\"aligncenter size-full is-resized\"><img loading=\"lazy\" src=\"https:\/\/fourpasbanal.fr\/wp-content\/uploads\/2021\/01\/OC-1706-instit-logo-carre-quadri-150x150-72dpi-1.png\" alt=\"\" class=\"wp-image-885\" width=\"169\" height=\"169\" srcset=\"https:\/\/fourpasbanal.fr\/wp-content\/uploads\/2021\/01\/OC-1706-instit-logo-carre-quadri-150x150-72dpi-1.png 426w, https:\/\/fourpasbanal.fr\/wp-content\/uploads\/2021\/01\/OC-1706-instit-logo-carre-quadri-150x150-72dpi-1-150x150.png 150w, https:\/\/fourpasbanal.fr\/wp-content\/uploads\/2021\/01\/OC-1706-instit-logo-carre-quadri-150x150-72dpi-1-300x300.png 300w, https:\/\/fourpasbanal.fr\/wp-content\/uploads\/2021\/01\/OC-1706-instit-logo-carre-quadri-150x150-72dpi-1-75x75.png 75w\" sizes=\"(max-width: 169px) 100vw, 169px\" \/><\/figure><\/div>\n\n\n\n<p><\/p>\n\n\n\n<blockquote class=\"wp-block-quote\"><p><strong>Le Four Pas Banal<\/strong><br><em>Association loi 1901<\/em><br>Si\u00e8ge social : Le Moulin, 81240 Rouairoux<br>Num\u00e9ro RNA : W812008580<br>Courriel : <a rel=\"noreferrer noopener\" href=\"mailto:contact@fourpasbanal.fr\" target=\"_blank\">contact@fourpasbanal.fr<\/a><br>T\u00e9l\u00e9phone : pas encore disponible<br><br>Documents<br>> <a rel=\"noreferrer noopener\" aria-label=\" (s\u2019ouvre dans un nouvel onglet)\" href=\"https:\/\/fourpasbanal.fr\/statuts.pdf\" target=\"_blank\">Les statuts de l&rsquo;association<\/a><br>> <a rel=\"noreferrer noopener\" aria-label=\" (s\u2019ouvre dans un nouvel onglet)\" href=\"https:\/\/fourpasbanal.fr\/pvag1.pdf\" target=\"_blank\">PV d&rsquo;assembl\u00e9e g\u00e9n\u00e9rale constitutive<\/a><br>> <a rel=\"noreferrer noopener\" aria-label=\" (s\u2019ouvre dans un nouvel onglet)\" href=\"https:\/\/fourpasbanal.fr\/jo.pdf\" target=\"_blank\">La parution au journal officiel<\/a> <\/p><p><\/p><\/blockquote>\n","protected":false},"excerpt":{"rendered":"<p>L&rsquo;objectif premier : faire du bon pain ensemble Le pain est \u00e0 la base de la vie sociale d\u2019un village Notre id\u00e9e est de cr\u00e9er ensemble un four collectif au c\u0153ur de Rouairoux dans la Vall\u00e9e du Thor\u00e9, lieu de rassemblement pour les habitants et tous ceux qui souhaitent se joindre au projet, en somme devenir \u00ab&nbsp;co-pains&nbsp;\u00bb, cuire ensemble pains et pizzas, tartes et plats mijot\u00e9s ! Le but cach\u00e9 \u00e9tant bien s\u00fbr la rencontre, le partage, la bienveillance Pour cela l\u2019association r\u00e9gie par la loi de 1901 \u00ab&nbsp;le four pas banal&nbsp;\u00bb se porte acqu\u00e9reur d\u2019une jolie petite b\u00e2tisse de pierres \u00e0 restaurer.C\u2019est l\u00e0 que nous faisons appel \u00e0 votre g\u00e9n\u00e9rosit\u00e9 pour nous aider \u00e0 financer cet achat ainsi que les mat\u00e9riaux n\u00e9cessaires aux travaux.Tout les savoir-faire seront \u00e9galement les bienvenus pour mener \u00e0 bien ce projet&nbsp;! A quoi servira l&rsquo;argent collect\u00e9 ? L&rsquo;achat du foncier (ruine 28m\u00b2 + parcelle 238m\u00b2 + frais) : 4800 euros Le projet \u00e9volue, et nous projetons l&rsquo;achat d&rsquo;une seconde parcelle de 439m2 pour 10000 euros de plus qui nous servira \u00e0 l&rsquo;organisation d&rsquo;\u00e9v\u00e8nements conviviaux en ext\u00e9rieur. Nous y planterons des arbres fruitiers et des plantes aromatiques Le raccordement au r\u00e9seau d&rsquo;eau Les mat\u00e9riaux pour la construction du four La restauration de la ruine et les \u00e9quipements L\u2019am\u00e9nagement du lieu, int\u00e9rieur et ext\u00e9rieur La plantation d&rsquo;arbres fruitiers et l&rsquo;entretient Un peu de communication au niveau local Ensemble construisons le Four PAS Banal de Rouairoux Une fois le foncier achet\u00e9 par l&rsquo;association, un grand&nbsp;chantier participatif d\u00e9butera pour la construction du four et l&rsquo;am\u00e9nagement de l&rsquo;espace ext\u00e9rieur. L&rsquo;occasion de cr\u00e9er du lien et d&rsquo;\u00e9changer techniques et savoir-faire entre les participants ! Une fois termin\u00e9, ce lieu d&rsquo;\u00e9changes et de partage sera ouvert \u00e0 tout le monde et g\u00e9r\u00e9 collectivement par l&rsquo;association \u00ab\u00a0le Four Pas Banal\u00a0\u00bb qui y organisera r\u00e9guli\u00e8rement des \u00e9v\u00e8nements (cuissons, soir\u00e9es pizzas, f\u00eate du pain, bal, cin\u00e9 en plein air, etc&#8230;) Les rencontres chaleureuses autour de notre futur four&nbsp;PAS banal&nbsp;nous permettrons de red\u00e9couvrir ensemble un savoir aussi basique que celui de p\u00e9trir sa p\u00e2te, puis cuire son pain, tout en redonnant un peu vie \u00e0 notre petit village d\u00e9pourvu de commerce. Soutenez-nous en faisant un don (en partie d\u00e9ductible des imp\u00f4ts)ou en adh\u00e9rant \u00e0 l&rsquo;association en qualit\u00e9 de membre. Restons en contact Rencontrez l&rsquo;\u00e9quipe \u00e0 l&rsquo;origine du projet et suivez l&rsquo;aventure au fil des articles de blog.Inscrivez-vous \u00e0 notre newsletter pour recevoir des informations r\u00e9guli\u00e8res. Rejoignez-nous sur Framavox si vous souhaitez aider \u00e0 la concr\u00e9tisation du projet ! C&rsquo;est avec une grande joie que nous avons \u00e9t\u00e9 s\u00e9lectionn\u00e9s par la R\u00e9gion Occitanie dans le cadre des Budgets Participatifs, en effet notre r\u00e9gion va nous aider \u00e0 financer le chantier du four ! Le Four Pas BanalAssociation loi 1901Si\u00e8ge social : Le Moulin, 81240 RouairouxNum\u00e9ro RNA : W812008580Courriel : contact@fourpasbanal.frT\u00e9l\u00e9phone : pas encore disponible Documents> Les statuts de l&rsquo;association> PV d&rsquo;assembl\u00e9e g\u00e9n\u00e9rale constitutive> La parution au journal officiel<\/p>\n","protected":false},"author":1,"featured_media":0,"parent":0,"menu_order":0,"comment_status":"closed","ping_status":"closed","template":"","meta":[],"_links":{"self":[{"href":"https:\/\/fourpasbanal.fr\/index.php?rest_route=\/wp\/v2\/pages\/22"}],"collection":[{"href":"https:\/\/fourpasbanal.fr\/index.php?rest_route=\/wp\/v2\/pages"}],"about":[{"href":"https:\/\/fourpasbanal.fr\/index.php?rest_route=\/wp\/v2\/types\/page"}],"author":[{"embeddable":true,"href":"https:\/\/fourpasbanal.fr\/index.php?rest_route=\/wp\/v2\/users\/1"}],"replies":[{"embeddable":true,"href":"https:\/\/fourpasbanal.fr\/index.php?rest_route=%2Fwp%2Fv2%2Fcomments&post=22"}],"version-history":[{"count":82,"href":"https:\/\/fourpasbanal.fr\/index.php?rest_route=\/wp\/v2\/pages\/22\/revisions"}],"predecessor-version":[{"id":1536,"href":"https:\/\/fourpasbanal.fr\/index.php?rest_route=\/wp\/v2\/pages\/22\/revisions\/1536"}],"wp:attachment":[{"href":"https:\/\/fourpasbanal.fr\/index.php?rest_route=%2Fwp%2Fv2%2Fmedia&parent=22"}],"curies":[{"name":"wp","href":"https:\/\/api.w.org\/{rel}","templated":true}]}}