{"id":24,"date":"2019-05-24T16:45:30","date_gmt":"2019-05-24T14:45:30","guid":{"rendered":"https:\/\/fourpasbanal.fr\/site\/?page_id=24"},"modified":"2024-05-06T21:46:07","modified_gmt":"2024-05-06T19:46:07","slug":"lequipe","status":"publish","type":"page","link":"https:\/\/fourpasbanal.fr\/?page_id=24","title":{"rendered":"L&rsquo;\u00e9quipe"},"content":{"rendered":"\n<div class=\"wp-block-image\"><figure class=\"aligncenter\"><img loading=\"lazy\" width=\"885\" height=\"500\" src=\"https:\/\/fourpasbanal.fr\/wp-content\/uploads\/2020\/05\/fourequipe.jpg\" alt=\"\" class=\"wp-image-723\" srcset=\"https:\/\/fourpasbanal.fr\/wp-content\/uploads\/2020\/05\/fourequipe.jpg 885w, https:\/\/fourpasbanal.fr\/wp-content\/uploads\/2020\/05\/fourequipe-300x169.jpg 300w, https:\/\/fourpasbanal.fr\/wp-content\/uploads\/2020\/05\/fourequipe-768x434.jpg 768w\" sizes=\"(max-width: 885px) 100vw, 885px\" \/><figcaption>Boris, Yannick, Marie-Alix, Sophie, Pierre-Eloi, Axel, Edith, Olivier, Christine, Yann, Audrey, Lucas, Sylvain, Claire, Chlo\u00e9, Marie, Th\u00e9o, Fred, H\u00e9l\u00e8ne, Anthony, Barbara, Sarah&#8230; (quelques absents sur la photo)<\/figcaption><\/figure><\/div>\n\n\n<p><!--EndFragment--><\/p>\n\n\n<div align=\"center\"><h4><a href=\".\/?page_id=225\">Rejoignez-nous en adh\u00e9rant \u00e0 l&rsquo;association \u00ab\u00a0Le four pas banal\u00a0\u00bb<\/a><\/h4><\/div>\n","protected":false},"excerpt":{"rendered":"<p>Rejoignez-nous en adh\u00e9rant \u00e0 l&rsquo;association \u00ab\u00a0Le four pas banal\u00a0\u00bb<\/p>\n","protected":false},"author":1,"featured_media":0,"parent":0,"menu_order":0,"comment_status":"closed","ping_status":"closed","template":"","meta":[],"_links":{"self":[{"href":"https:\/\/fourpasbanal.fr\/index.php?rest_route=\/wp\/v2\/pages\/24"}],"collection":[{"href":"https:\/\/fourpasbanal.fr\/index.php?rest_route=\/wp\/v2\/pages"}],"about":[{"href":"https:\/\/fourpasbanal.fr\/index.php?rest_route=\/wp\/v2\/types\/page"}],"author":[{"embeddable":true,"href":"https:\/\/fourpasbanal.fr\/index.php?rest_route=\/wp\/v2\/users\/1"}],"replies":[{"embeddable":true,"href":"https:\/\/fourpasbanal.fr\/index.php?rest_route=%2Fwp%2Fv2%2Fcomments&post=24"}],"version-history":[{"count":18,"href":"https:\/\/fourpasbanal.fr\/index.php?rest_route=\/wp\/v2\/pages\/24\/revisions"}],"predecessor-version":[{"id":1481,"href":"https:\/\/fourpasbanal.fr\/index.php?rest_route=\/wp\/v2\/pages\/24\/revisions\/1481"}],"wp:attachment":[{"href":"https:\/\/fourpasbanal.fr\/index.php?rest_route=%2Fwp%2Fv2%2Fmedia&parent=24"}],"curies":[{"name":"wp","href":"https:\/\/api.w.org\/{rel}","templated":true}]}}