{"id":319,"date":"2019-05-25T10:55:43","date_gmt":"2019-05-25T08:55:43","guid":{"rendered":"https:\/\/fourpasbanal.fr\/?page_id=319"},"modified":"2020-09-01T23:20:04","modified_gmt":"2020-09-01T21:20:04","slug":"newsletter","status":"publish","type":"page","link":"https:\/\/fourpasbanal.fr\/?page_id=319","title":{"rendered":"Newsletter"},"content":{"rendered":"\n<h5 style=\"text-align:center\">Inscrivez-vous pour \u00eatre tenu au courant des avanc\u00e9es du projet et des \u00e9v\u00e8nements<\/h5>\n\n\n<p><div class=\"tnp tnp-subscription\">\n<form method=\"post\" action=\"https:\/\/fourpasbanal.fr\/?na=s\">\n\n<input type=\"hidden\" name=\"nr\" value=\"page\"><input type=\"hidden\" name=\"nlang\" value=\"\"><div class=\"tnp-field tnp-field-email\"><label for=\"tnp-1\">Email<\/label>\n<input class=\"tnp-email\" type=\"email\" name=\"ne\" id=\"tnp-1\" value=\"\" required><\/div>\n<div class=\"tnp-field tnp-field-button\"><input class=\"tnp-submit\" type=\"submit\" value=\"S&#039;abonner\" >\n<\/div>\n<\/form>\n<\/div>\n<\/p>\n\n\n<p><\/p>\n","protected":false},"excerpt":{"rendered":"<p>Inscrivez-vous pour \u00eatre tenu au courant des avanc\u00e9es du projet et des \u00e9v\u00e8nements<\/p>\n","protected":false},"author":1,"featured_media":0,"parent":0,"menu_order":0,"comment_status":"closed","ping_status":"closed","template":"","meta":[],"_links":{"self":[{"href":"https:\/\/fourpasbanal.fr\/index.php?rest_route=\/wp\/v2\/pages\/319"}],"collection":[{"href":"https:\/\/fourpasbanal.fr\/index.php?rest_route=\/wp\/v2\/pages"}],"about":[{"href":"https:\/\/fourpasbanal.fr\/index.php?rest_route=\/wp\/v2\/types\/page"}],"author":[{"embeddable":true,"href":"https:\/\/fourpasbanal.fr\/index.php?rest_route=\/wp\/v2\/users\/1"}],"replies":[{"embeddable":true,"href":"https:\/\/fourpasbanal.fr\/index.php?rest_route=%2Fwp%2Fv2%2Fcomments&post=319"}],"version-history":[{"count":5,"href":"https:\/\/fourpasbanal.fr\/index.php?rest_route=\/wp\/v2\/pages\/319\/revisions"}],"predecessor-version":[{"id":870,"href":"https:\/\/fourpasbanal.fr\/index.php?rest_route=\/wp\/v2\/pages\/319\/revisions\/870"}],"wp:attachment":[{"href":"https:\/\/fourpasbanal.fr\/index.php?rest_route=%2Fwp%2Fv2%2Fmedia&parent=319"}],"curies":[{"name":"wp","href":"https:\/\/api.w.org\/{rel}","templated":true}]}}